{"id":153,"date":"2017-05-19T19:03:41","date_gmt":"2017-05-19T19:03:41","guid":{"rendered":"http:\/\/wordpress.uhren-schmuck-fulda.de\/?page_id=153"},"modified":"2017-05-19T19:03:41","modified_gmt":"2017-05-19T19:03:41","slug":"der-chronograph","status":"publish","type":"page","link":"https:\/\/www.uhren-schmuck-fulda.de\/?page_id=153","title":{"rendered":"Der Chronograph"},"content":{"rendered":"<div id=\"pl-153\"  class=\"panel-layout\" ><div id=\"pg-153-0\"  class=\"panel-grid panel-no-style\" ><div id=\"pgc-153-0-0\"  class=\"panel-grid-cell\" ><div id=\"panel-153-0-0-0\" class=\"so-panel widget widget_sow-editor panel-first-child panel-last-child\" data-index=\"0\" ><div\n\t\t\t\n\t\t\tclass=\"so-widget-sow-editor so-widget-sow-editor-base\"\n\t\t\t\n\t\t>\n<div class=\"siteorigin-widget-tinymce textwidget\">\n\t<p><strong>Der Chronograph, die Armbanduhr mit eingebauter Stoppfunktion<\/strong><br \/> Das Spielzeug am Handgelenk - nicht nur f\u00fcr den Mann<\/p>\n<p>Der Chronograph ist die bei Armbanduhren beliebteste Komplikation und wurde l\u00e4ngst auch von Frau entdeckt. Zum einen verk\u00f6rpert er, wie kein anderes t\u00e4glich genutztes Accessoire, das Thema Sportlichkeit, und wer zeigt sich nicht gerne sportlich in unserer von Fitness und Jugendlichkeit bestimmten Zeit. Zum anderen ist er n\u00fctzlicher Begleiter im Alltag, den Chronographentr\u00e4ger und -Tr\u00e4gerinnen gerne benutzen. Der Chronograph weckt den Spieltrieb. Es macht einfach unheimlich viel Spa\u00df, ihn zu starten, zu stoppen und wieder zur\u00fcck auf Null zu stellen. Im n\u00e4chsten Schritt gibt er seiner Benutzerin oder seinem Benutzer die Illusion, ein St\u00fcck weg \u00fcber die Zeit zu bestimmen und diese f\u00f6rmlich im Griff zu haben.<br \/> Da sich Chronographen stetig wachsender Beliebtheit erfreuen, bei Frau wie bei Mann, sind zahlreiche Uhrenhersteller bem\u00fcht, ihr Angebot auszuweiten. Uhrenfans finden das toll, weil die Auswahl immer gr\u00f6\u00dfer wird. Stets wird das aktuelle Angebot den jeweiligen Trends angepasst. Chronographen gibt es heute f\u00fcr jeden Geldbeutel. Wer seine Uhr vorrangig als modisches Accessoire sieht, greift gerne zur g\u00fcnstigeren Quarzuhr. Hier gibt es gro\u00dfe Unterschiede. Soll ein Chronograph seiner technischen Aufgabe als Stoppuhr gerecht werden, ist es unbedingt wichtig, dass der Stoppuhrsekundenzeiger zentral angeordnet ist. Zahlreiche Zusatzfunktionen, wie Addition, Zwischenzeitmessung oder zweite Zeitzone (GMT), stehen bei den besseren Marken ebenfalls zur Verf\u00fcgung. Uhrenfans allerdings greifen fast ausschlie\u00dflich zu Uhren mit mechanischen Werken, die meist mit automatischem Aufzug ausgestattet sind. Hier geht es um weit mehr als gutes, sportliches Aussehen der Uhr. Mechanik begeistert und ist heute bei sehr vielen Modellen durch einen Glasboden sichtbar. Es fasziniert zu wissen, dass solch ein Wunderwerk aus gut zweihundertf\u00fcnfzig verschiedenen Einzelteilen besteht, die rein mechanisch, also ohne jeden Einsatz von Elektronik und Batterie, pr\u00e4zise ihn Dienst verrichten. Auch f\u00fcr uns Uhrmachermeisterinnen und Uhrmachermeister ist es immer wieder faszinierend, bei einer Werkrevision diese Werke in alle Einzelteile zu zerlegen und anschlie\u00dfend wieder zu neuem Leben erwecken zu d\u00fcrfen.<br \/> Bei der richtigen Auswahl Ihres Chronographen helfen Ihnen die Innungsfachbetriebe der Fachinnung Uhren, Schmuck und Zeitmesstechnik Fulda gerne weiter. Wir stehen Ihnen f\u00fcr alle technischen Fragen zu den von uns angebotenen Markenuhren mit unserem handwerklichen Fachwissen zur Seite und sind in der Lage, Ihre mechanischen Sch\u00e4tze bei Bedarf fachm\u00e4nnisch in unseren Uhrmacher - Meisterwerkst\u00e4tten zu warten. Auf Ihren Besuch freuen wir uns.<\/p>\n<p>\u00a9 MM<\/p>\n<\/div>\n<\/div><\/div><\/div><\/div><\/div>","protected":false},"excerpt":{"rendered":"<p>Der Chronograph, die Armbanduhr mit eingebauter Stoppfunktion Das Spielzeug am Handgelenk &#8211; nicht nur f\u00fcr den MannDer Chronograph ist die bei Armbanduhren beliebteste Komplikation und wurde l\u00e4ngst auch von Frau entdeckt. Zum einen verk\u00f6rpert er, wie kein anderes t\u00e4glich genutztes Accessoire, das Thema Sportlichkeit, und wer zeigt sich nicht gerne sportlich in unserer von Fitness&#8230;<\/p>\n","protected":false},"author":1,"featured_media":0,"parent":0,"menu_order":0,"comment_status":"closed","ping_status":"closed","template":"","meta":{"footnotes":""},"class_list":["post-153","page","type-page","status-publish","hentry"],"_links":{"self":[{"href":"https:\/\/www.uhren-schmuck-fulda.de\/index.php?rest_route=\/wp\/v2\/pages\/153","targetHints":{"allow":["GET"]}}],"collection":[{"href":"https:\/\/www.uhren-schmuck-fulda.de\/index.php?rest_route=\/wp\/v2\/pages"}],"about":[{"href":"https:\/\/www.uhren-schmuck-fulda.de\/index.php?rest_route=\/wp\/v2\/types\/page"}],"author":[{"embeddable":true,"href":"https:\/\/www.uhren-schmuck-fulda.de\/index.php?rest_route=\/wp\/v2\/users\/1"}],"replies":[{"embeddable":true,"href":"https:\/\/www.uhren-schmuck-fulda.de\/index.php?rest_route=%2Fwp%2Fv2%2Fcomments&post=153"}],"version-history":[{"count":4,"href":"https:\/\/www.uhren-schmuck-fulda.de\/index.php?rest_route=\/wp\/v2\/pages\/153\/revisions"}],"predecessor-version":[{"id":217,"href":"https:\/\/www.uhren-schmuck-fulda.de\/index.php?rest_route=\/wp\/v2\/pages\/153\/revisions\/217"}],"wp:attachment":[{"href":"https:\/\/www.uhren-schmuck-fulda.de\/index.php?rest_route=%2Fwp%2Fv2%2Fmedia&parent=153"}],"curies":[{"name":"wp","href":"https:\/\/api.w.org\/{rel}","templated":true}]}}