{"id":159,"date":"2017-05-19T19:04:44","date_gmt":"2017-05-19T19:04:44","guid":{"rendered":"http:\/\/wordpress.uhren-schmuck-fulda.de\/?page_id=159"},"modified":"2017-05-19T19:04:44","modified_gmt":"2017-05-19T19:04:44","slug":"praezision-gefragt","status":"publish","type":"page","link":"https:\/\/www.uhren-schmuck-fulda.de\/?page_id=159","title":{"rendered":"Pr\u00e4zision gefragt"},"content":{"rendered":"<div id=\"pl-159\"  class=\"panel-layout\" ><div id=\"pg-159-0\"  class=\"panel-grid panel-no-style\" ><div id=\"pgc-159-0-0\"  class=\"panel-grid-cell\" ><div id=\"panel-159-0-0-0\" class=\"so-panel widget widget_sow-editor panel-first-child panel-last-child\" data-index=\"0\" ><div\n\t\t\t\n\t\t\tclass=\"so-widget-sow-editor so-widget-sow-editor-base\"\n\t\t\t\n\t\t>\n<div class=\"siteorigin-widget-tinymce textwidget\">\n\t<p><strong>Ein Chronograph und seine Teile<\/strong><\/p>\n<p>Als Chronograph wird im Allgemeinen eine Armbanduhr mit Stoppfunktion bezeichnet. Mit Hilfe eines speziellen zus\u00e4tzlichen Mechanismus ist es m\u00f6glich, einen zumeist zentral angeordneten Chronographenzeiger durch Bet\u00e4tigung eines Dr\u00fcckers zu starten, zu stoppen und wieder in seine Nullposition zur\u00fcckzustellen. Damit verbunden ist zus\u00e4tzlich ein Minutenz\u00e4hler und in sehr vielen F\u00e4llen noch ein Stundenz\u00e4hler.<\/p>\n<p>Die Einsatzm\u00f6glichkeiten eines Chronographen sind vielf\u00e4ltig. Sie reichen von Zeitmessungen f\u00fcr Fitness und Sport bis hin zu Aufgaben in Beruf und Haushalt, z.B. die \u00dcberwachung von Zeitvorgaben. Ein Chronographenwerk mit automatischem Aufzug, dessen Grundfl\u00e4che nicht viel gr\u00f6\u00dfer als die ein Zweieurost\u00fccks ist, besteht meistens aus weit \u00fcber 300 Einzelteilen.<\/p>\n<p>Erst wenn man dem Uhrmacher bei seiner Arbeit \u00fcber die Schulter schaut, wird deutlich, wie filigran und pr\u00e4zise er arbeiten muss. Schrauben, R\u00e4der, Federn, feinste Hebelchen und vieles anderes mehr, mikroskopisch klein und f\u00fcr den Laien kaum zu erkennen, erfordern eine ruhige Hand und gute Augen. Jedes Mal, wenn der Uhrmacher ein paar Teile zusammengesetzt hat, muss er ihre Funktionst\u00fcchtigkeit \u00fcberpr\u00fcfen und die Lagerstellen entsprechend schmieren. Schon das kleinste Staubkorn kann den Ablauf des Werkes beeintr\u00e4chtigen oder es blockieren. Es ist immer wieder ein ergreifendes Erlebnis f\u00fcr den Zuschauer, wenn zum Schluss alles seinen Platz gefunden hat, kein Schr\u00e4ubchen mehr \u00fcbrig ist und alles wunderbar funktioniert. Sp\u00e4testens dann wird dem staunenden Beobachter deutlich, mit welche Leidenschaft, Pr\u00e4zision und Passion der Uhrmacher seinen Beruf aus\u00fcben muss, will er erfolgreich sein.<\/p>\n<p>Uhrwerke lassen sich mechanisch \u00fcber Feder, Unruh und Hemmung oder elektronisch mit einem Quarzkristall als Impulsgeber antreiben. In Zeiten des Massenkonsums besteht ein zunehmendes Bed\u00fcrfnis, sich verst\u00e4rkt wieder alter handwerklicher Werte zu erinnern. Deshalb haben mechanisch angetriebene Chronographen mit h\u00f6chster Pr\u00e4zision gerade auch im Segment der edlen Chronographen nie ihre Bedeutung verloren, gleichwohl es Quarzuhren schon seit \u00fcber 30 Jahren gibt. Selbst im\u00a0 21. Jahrhundert, wo die Elektronik uns dominiert, werden mechanische Uhrwerke mit raffinierten Innovationen weiter verbessert und sind Ausfluss h\u00f6chster Ingenieurkunst. Vielleicht liegt das Geheimnis der stetig steigenden Beliebtheit mechanischer Uhren darin, dass wir in vielen Bereichen unseres Lebens heute immer h\u00e4ufiger von der Elektronik abh\u00e4ngig geworden sind.<\/p>\n<p>Die Uhrmachermeisterinnen und Uhrmachermeister der Fachinnung Uhren, Schmuck und Zeitmesstechnik Fulda-Kassel zeigen und erkl\u00e4ren Ihnen gerne diese wundersch\u00f6nen, mechanischen Zeitmesser.<\/p>\n<p>\u00a9 MM<\/p>\n<\/div>\n<\/div><\/div><\/div><\/div><\/div>","protected":false},"excerpt":{"rendered":"<p>Ein Chronograph und seine TeileAls Chronograph wird im Allgemeinen eine Armbanduhr mit Stoppfunktion bezeichnet. Mit Hilfe eines speziellen zus\u00e4tzlichen Mechanismus ist es m\u00f6glich, einen zumeist zentral angeordneten Chronographenzeiger durch Bet\u00e4tigung eines Dr\u00fcckers zu starten, zu stoppen und wieder in seine Nullposition zur\u00fcckzustellen. Damit verbunden ist zus\u00e4tzlich ein Minutenz\u00e4hler und in sehr vielen F\u00e4llen noch ein&#8230;<\/p>\n","protected":false},"author":1,"featured_media":0,"parent":0,"menu_order":0,"comment_status":"closed","ping_status":"closed","template":"","meta":{"footnotes":""},"class_list":["post-159","page","type-page","status-publish","hentry"],"_links":{"self":[{"href":"https:\/\/www.uhren-schmuck-fulda.de\/index.php?rest_route=\/wp\/v2\/pages\/159","targetHints":{"allow":["GET"]}}],"collection":[{"href":"https:\/\/www.uhren-schmuck-fulda.de\/index.php?rest_route=\/wp\/v2\/pages"}],"about":[{"href":"https:\/\/www.uhren-schmuck-fulda.de\/index.php?rest_route=\/wp\/v2\/types\/page"}],"author":[{"embeddable":true,"href":"https:\/\/www.uhren-schmuck-fulda.de\/index.php?rest_route=\/wp\/v2\/users\/1"}],"replies":[{"embeddable":true,"href":"https:\/\/www.uhren-schmuck-fulda.de\/index.php?rest_route=%2Fwp%2Fv2%2Fcomments&post=159"}],"version-history":[{"count":3,"href":"https:\/\/www.uhren-schmuck-fulda.de\/index.php?rest_route=\/wp\/v2\/pages\/159\/revisions"}],"predecessor-version":[{"id":219,"href":"https:\/\/www.uhren-schmuck-fulda.de\/index.php?rest_route=\/wp\/v2\/pages\/159\/revisions\/219"}],"wp:attachment":[{"href":"https:\/\/www.uhren-schmuck-fulda.de\/index.php?rest_route=%2Fwp%2Fv2%2Fmedia&parent=159"}],"curies":[{"name":"wp","href":"https:\/\/api.w.org\/{rel}","templated":true}]}}