{"id":165,"date":"2017-05-19T18:59:24","date_gmt":"2017-05-19T18:59:24","guid":{"rendered":"http:\/\/wordpress.uhren-schmuck-fulda.de\/?page_id=165"},"modified":"2017-05-19T18:59:24","modified_gmt":"2017-05-19T18:59:24","slug":"zeit","status":"publish","type":"page","link":"https:\/\/www.uhren-schmuck-fulda.de\/?page_id=165","title":{"rendered":"Zeit"},"content":{"rendered":"<div id=\"pl-165\"  class=\"panel-layout\" ><div id=\"pg-165-0\"  class=\"panel-grid panel-no-style\" ><div id=\"pgc-165-0-0\"  class=\"panel-grid-cell\" ><div id=\"panel-165-0-0-0\" class=\"so-panel widget widget_sow-editor panel-first-child panel-last-child\" data-index=\"0\" ><div\n\t\t\t\n\t\t\tclass=\"so-widget-sow-editor so-widget-sow-editor-base\"\n\t\t\t\n\t\t>\n<div class=\"siteorigin-widget-tinymce textwidget\">\n\t<p><strong>Die Erfindung der Zeit<\/strong><br \/>\nSeit jeher wird der Mensch mit der Notwendigkeit der Zeitmessung konfrontiert.<\/p>\n<p>Bereits in fr\u00fchester Zeit, als die Menschen lernten Pflanzen zu ihrer Ern\u00e4hrung anzubauen, war eine einfache Form der Zeitmessung f\u00fcr ihr \u00dcberleben unerl\u00e4sslich. Zun\u00e4chst war es wichtig, den Rhythmus der Jahreszeiten festzulegen, um den richtigen Zeitpunkt f\u00fcr Aussaat und Ernte zu bestimmen. Der Mensch suchte sich Fixpunkte und definierte die Zeitdauer zwischen aufeinander folgenden astronomischen Erscheinungen der Zeit. Sehr fr\u00fch wurde erkannt, dass die Bahn der Erde um die Sonne f\u00fcr die Jahreszeiten verantwortlich ist und ein Jahr definiert. Fr\u00fche Zeugnisse der Zeitmessung sind Stonhenge in England und die Himmelsscheibe von Nebra.<br \/>\nBereits in der Antike stiegen die Anforderungen an die Zeitmessung. Schattenstab und Sonnenuhr dienten dazu, den Ablauf eines Tages in scheinbar gleichm\u00e4\u00dfige Abschnitte aufzuteilen. Um nachts und in Zeiten ohne Sonne die Zeit zu messen, entwickelte man bald Elementaruhren wie Sand-, Wasser- und Feueruhren.<br \/>\nIm 13. Jahrhundert entwickelte sich in Europa das Bed\u00fcrfnis, in jedem Moment die aktuelle Stunde zu kennen. Die ersten mechanischen Turmuhren wurden konstruiert und installiert. Ein neuer Handwerksberuf entwickelte sich, das Uhrmacherhandwerk. Bald gen\u00fcgte die Angabe der Stunde nicht mehr. Die Anforderungen an die Genauigkeit stiegen und die technischen M\u00f6glichkeiten wurden immer feiner. Uhren wurden immer kleiner und erm\u00f6glichten bald das Anbringen des Minutenzeigers. Der Uhrmacher Peter Henlein hat im Jahre 1510 die erste tragbare Uhr hergestellt.<br \/>\nZahlreiche Meister des Uhrmacherhandwerks entwickelten die Uhr weiter. So entstanden im Laufe der Jahrhunderte wahre Kunstsch\u00e4tze an Taschenuhren, Stiluhren, Pendulen und Hausuhren. Eine Vielzahl verschiedener Erfindungen und Patente f\u00fchrten zu immer gr\u00f6\u00dferer Ganggenauigkeit. Bald reichte die Anzeige von Stunde und Minute nicht mehr aus, was den Sekundenzeiger erforderlich machte. Die Uhr r\u00fcckte immer mehr in den Mittelpunkt des gesellschaftlichen miteinander. Waren anfangs Uhren nur etwas f\u00fcr den Adel und f\u00fcr reiche B\u00fcrger, so wurden sie Ende des 19. Jahrhunderts dank industrialisierter Fertigungsm\u00f6glichkeiten f\u00fcr alle Bev\u00f6lkerungsschichten erschwinglich. Genaue Zeit wurde f\u00fcr viele Bereiche des \u00f6ffentlichen Lebens immer wichtiger, denken wir nur an die Eisenbahn und andere \u00f6ffentliche Verkehrsmittel, die ohne eine exakte und einheitliche Zeitangabe nicht funktionieren w\u00fcrden. Aufgrund dieser Anforderungen eroberte die Taschenuhr innerhalb von nur knapp zwanzig Jahren alle Bev\u00f6lkerungsschichten. Dank rationeller Fertigungsm\u00f6glichkeiten konnten endlich auch gro\u00dfe St\u00fcckzahlen zu g\u00fcnstigen Preisen hergestellt werden. In der ersten H\u00e4lfte des 20. Jahrhunderts verdr\u00e4ngte die um vieles praktischere Armbanduhr die Taschenuhr. Dank Miniaturisierung der Mechanik und immer feinerer Fertigungstechniken entstanden immer kleinere und genauere Uhrwerke. Ein regelrechter Wettbewerb zum Bau der genauesten Uhr, des kleinsten Uhrwerks und des flachsten Werkes entwickelte sich zwischen den Herstellern. Sp\u00e4ter gesellte sich die elektronische Zeitmessung dazu und heizte den Wettbewerb zur gr\u00f6\u00dftm\u00f6glichen Genauigkeit weiter an.<br \/>\nHeute gibt es eine Vielzahl verschiedenster Uhren. Auch wenn die Information der genauen Zeit uns fast \u00fcberall zur Verf\u00fcgung steht und in Verbindung verschiedenster M\u00f6glichkeiten angeboten wird, so beh\u00e4lt eine Uhr immer ihren besonderen Reiz. Von der Funkuhr \u00fcber die Quarzuhr bis hin zur traditionellen mechanischen Uhr mit Handaufzug oder automatischem Aufzug gibt es Uhren mit reichhaltigen Zusatzfunktionen und Komplikationen. Der Gestaltung eines Zeitmessers sind fast keine Grenzen gesetzt. Unterschiedlichste Metalle und Materialien werden f\u00fcr die Herstellung von Geh\u00e4usen und B\u00e4ndern verwendet. Die enge Verwandtschaft zwischen Uhrmacherhandwerk und Goldschmiedehandwerk wird immer dann besonders deutlich, wenn kunstvolle Uhrgeh\u00e4use aus Gold oder Platin Verwendung finden.<br \/>\nF\u00fcr welche Uhr Sie sich auch immer entscheiden, ist eine Frage Ihrer Pers\u00f6nlichkeit und letztendlich Ausdruck daf\u00fcr. Die Mitgliedsbetriebe der Fachinnung Uhren, Schmuck und Zeitmesstechnik Fulda stehen Ihnen gerne beratend zur Seite und k\u00f6nnen Ihnen viele \u00fcber die Entwicklung der Zeitmessung berichten.<\/p>\n<p>\u00a9MM<\/p>\n<\/div>\n<\/div><\/div><\/div><\/div><\/div>","protected":false},"excerpt":{"rendered":"<p>Die Erfindung der Zeit Seit jeher wird der Mensch mit der Notwendigkeit der Zeitmessung konfrontiert. Bereits in fr\u00fchester Zeit, als die Menschen lernten Pflanzen zu ihrer Ern\u00e4hrung anzubauen, war eine einfache Form der Zeitmessung f\u00fcr ihr \u00dcberleben unerl\u00e4sslich. Zun\u00e4chst war es wichtig, den Rhythmus der Jahreszeiten festzulegen, um den richtigen Zeitpunkt f\u00fcr Aussaat und Ernte&#8230;<\/p>\n","protected":false},"author":1,"featured_media":0,"parent":0,"menu_order":0,"comment_status":"closed","ping_status":"closed","template":"","meta":{"footnotes":""},"class_list":["post-165","page","type-page","status-publish","hentry"],"_links":{"self":[{"href":"https:\/\/www.uhren-schmuck-fulda.de\/index.php?rest_route=\/wp\/v2\/pages\/165","targetHints":{"allow":["GET"]}}],"collection":[{"href":"https:\/\/www.uhren-schmuck-fulda.de\/index.php?rest_route=\/wp\/v2\/pages"}],"about":[{"href":"https:\/\/www.uhren-schmuck-fulda.de\/index.php?rest_route=\/wp\/v2\/types\/page"}],"author":[{"embeddable":true,"href":"https:\/\/www.uhren-schmuck-fulda.de\/index.php?rest_route=\/wp\/v2\/users\/1"}],"replies":[{"embeddable":true,"href":"https:\/\/www.uhren-schmuck-fulda.de\/index.php?rest_route=%2Fwp%2Fv2%2Fcomments&post=165"}],"version-history":[{"count":4,"href":"https:\/\/www.uhren-schmuck-fulda.de\/index.php?rest_route=\/wp\/v2\/pages\/165\/revisions"}],"predecessor-version":[{"id":210,"href":"https:\/\/www.uhren-schmuck-fulda.de\/index.php?rest_route=\/wp\/v2\/pages\/165\/revisions\/210"}],"wp:attachment":[{"href":"https:\/\/www.uhren-schmuck-fulda.de\/index.php?rest_route=%2Fwp%2Fv2%2Fmedia&parent=165"}],"curies":[{"name":"wp","href":"https:\/\/api.w.org\/{rel}","templated":true}]}}