{"id":231,"date":"2017-05-25T18:59:02","date_gmt":"2017-05-25T18:59:02","guid":{"rendered":"http:\/\/wordpress.uhren-schmuck-fulda.de\/?page_id=231"},"modified":"2018-05-22T14:09:57","modified_gmt":"2018-05-22T14:09:57","slug":"aus-alt-mach-neu","status":"publish","type":"page","link":"https:\/\/www.uhren-schmuck-fulda.de\/?page_id=231","title":{"rendered":"Aus Alt mach Neu"},"content":{"rendered":"<div id=\"pl-231\"  class=\"panel-layout\" ><div id=\"pg-231-0\"  class=\"panel-grid panel-no-style\" ><div id=\"pgc-231-0-0\"  class=\"panel-grid-cell\" ><div id=\"panel-231-0-0-0\" class=\"so-panel widget widget_sow-editor panel-first-child panel-last-child\" data-index=\"0\" ><div\n\t\t\t\n\t\t\tclass=\"so-widget-sow-editor so-widget-sow-editor-base\"\n\t\t\t\n\t\t>\n<div class=\"siteorigin-widget-tinymce textwidget\">\n\t<p>Der Rekord-Goldpreis ist in aller Munde. Das reinste Goldsucher-Fieber ist ausgebrochen. Jeder sucht in seinen Schmuckk\u00e4sten nach allem, was nur irgendwie Gold sein k\u00f6nnte. Die Eheringe der Eltern, Opas Manschettenkn\u00f6pfe, die Brosche der Erbtante \u2013 alles wird zusammengetragen. Und dann bei mehr oder weniger seri\u00f6sen Goldank\u00e4ufern zu schnellem Geld gemacht. Fort ist das Erbst\u00fcck.<\/p>\n<p>Doch es gibt noch andere M\u00f6glichkeiten. Die Umarbeitung eines Schmuckst\u00fcckes oder das Einschmelzen und daraus etwas neues Anfertigen lassen. RECYCLING. Denn Goldschmiede haben schon recycelt, als es dieses Wort noch gar nicht gab. Der Goldbergbau ist aufw\u00e4ndig, teuer und in den meisten F\u00e4llen eine gro\u00dfe Belastung f\u00fcr Umwelt und Menschen. Da liegt es nahe, vorhandenes Gold wieder zu verwenden. Das haben Goldschmiede von jeher so gemacht und tun es heute immer noch.<\/p>\n<p>So kann in den alten Ehering zum Beispiel ein sch\u00f6ner Edelstein eingearbeitet werden, so dass daraus ein richtiger Schmuckring wird. Oder aus den Manschettenkn\u00f6pfen werden ein Paar h\u00fcbsche Ohrstecker. Die Brosche wiederum ist vielleicht defekt, wird daher eingeschmolzen und zu einem neuen Anh\u00e4nger gearbeitet. Aber dieser ist dann trotzdem aus dem St\u00fcck der Erbtante entstanden. Und so wird wie bei den anderen Umarbeitungen das Andenken weitergetragen. Das St\u00fcck ist nicht einfach \u201everscherbelt\u201c worden sondern nachhaltig weiter verarbeitet und aufgewertet.<\/p>\n<\/div>\n<\/div><\/div><\/div><\/div><\/div>","protected":false},"excerpt":{"rendered":"<p>Der Rekord-Goldpreis ist in aller Munde. Das reinste Goldsucher-Fieber ist ausgebrochen. Jeder sucht in seinen Schmuckk\u00e4sten nach allem, was nur irgendwie Gold sein k\u00f6nnte. Die Eheringe der Eltern, Opas Manschettenkn\u00f6pfe, die Brosche der Erbtante \u2013 alles wird zusammengetragen. Und dann bei mehr oder weniger seri\u00f6sen Goldank\u00e4ufern zu schnellem Geld gemacht. Fort ist das Erbst\u00fcck. Doch&#8230;<\/p>\n","protected":false},"author":1,"featured_media":0,"parent":0,"menu_order":0,"comment_status":"closed","ping_status":"closed","template":"","meta":{"footnotes":""},"class_list":["post-231","page","type-page","status-publish","hentry"],"_links":{"self":[{"href":"https:\/\/www.uhren-schmuck-fulda.de\/index.php?rest_route=\/wp\/v2\/pages\/231","targetHints":{"allow":["GET"]}}],"collection":[{"href":"https:\/\/www.uhren-schmuck-fulda.de\/index.php?rest_route=\/wp\/v2\/pages"}],"about":[{"href":"https:\/\/www.uhren-schmuck-fulda.de\/index.php?rest_route=\/wp\/v2\/types\/page"}],"author":[{"embeddable":true,"href":"https:\/\/www.uhren-schmuck-fulda.de\/index.php?rest_route=\/wp\/v2\/users\/1"}],"replies":[{"embeddable":true,"href":"https:\/\/www.uhren-schmuck-fulda.de\/index.php?rest_route=%2Fwp%2Fv2%2Fcomments&post=231"}],"version-history":[{"count":11,"href":"https:\/\/www.uhren-schmuck-fulda.de\/index.php?rest_route=\/wp\/v2\/pages\/231\/revisions"}],"predecessor-version":[{"id":391,"href":"https:\/\/www.uhren-schmuck-fulda.de\/index.php?rest_route=\/wp\/v2\/pages\/231\/revisions\/391"}],"wp:attachment":[{"href":"https:\/\/www.uhren-schmuck-fulda.de\/index.php?rest_route=%2Fwp%2Fv2%2Fmedia&parent=231"}],"curies":[{"name":"wp","href":"https:\/\/api.w.org\/{rel}","templated":true}]}}