{"id":241,"date":"2017-05-25T19:02:20","date_gmt":"2017-05-25T19:02:20","guid":{"rendered":"http:\/\/wordpress.uhren-schmuck-fulda.de\/?page_id=241"},"modified":"2017-05-25T19:02:20","modified_gmt":"2017-05-25T19:02:20","slug":"der-ring","status":"publish","type":"page","link":"https:\/\/www.uhren-schmuck-fulda.de\/?page_id=241","title":{"rendered":"Der Ring"},"content":{"rendered":"<div id=\"pl-241\"  class=\"panel-layout\" ><div id=\"pg-241-0\"  class=\"panel-grid panel-no-style\" ><div id=\"pgc-241-0-0\"  class=\"panel-grid-cell\" ><div id=\"panel-241-0-0-0\" class=\"so-panel widget widget_sow-editor panel-first-child panel-last-child\" data-index=\"0\" ><div\n\t\t\t\n\t\t\tclass=\"so-widget-sow-editor so-widget-sow-editor-base\"\n\t\t\t\n\t\t>\n<div class=\"siteorigin-widget-tinymce textwidget\">\n\t<p><strong>Symbol und Schmuckst\u00fcck<\/strong><\/p>\n<p>Eine der \u00e4ltesten und am weitesten verbreiteten Schmuckformen ist der Ring. Die \u00e4ltesten gefundenen Exemplare sind \u00fcber 21.000 Jahre alt. Sie wurden aus Elfenbein, Holz oder Stein und sp\u00e4ter aus Bronze, Eisen und Edelmetallen gefertigt.<\/p>\n<p>Ringe waren nicht nur eine Zierde, sondern auch einen Wertobjekt, mit dem man handeln konnte.<\/p>\n<p>Neben der M\u00f6glichkeit mit einem Schmuckst\u00fcck sein Lebensgef\u00fchl oder Status auszudr\u00fccken, hatte der Ring auch immer schon viel Symbolkraft.<br \/> Er diente als Versinnbildlichung eines Herrschaftsanspruchs, als Zeichen der Zugeh\u00f6rigkeit zu einer Gemeinschaft, als Echtheitsnachweis oder zu rituellen Zwecken.<\/p>\n<p>Siegelringe sind schon von den Sumerern und \u00c4gyptern bekannt. Die Siegelplatten oder drehbare Rollen zeigten verschiedenste eingravierte Motive. Der Abdruck des Rings z.B. in hei\u00dfem Wachs, erm\u00f6glicht es dem Tr\u00e4ger, die Echtheit seiner Schriftst\u00fccke f\u00fcr den Empf\u00e4nger erkennbar zu machen. Der Siegelabdruck diente als Willenserkl\u00e4rung und jemand, der im Besitz des Siegelrings war, sprach im Namen des Eigent\u00fcmers.<\/p>\n<p>Als Symbol f\u00fcr das gegebene Eheversprechen steht der Austausch der Eheringe. Zwei Verschlungene Ringe sehen dem Symbol f\u00fcr Unendlichkeit (\u221e) sehr \u00e4hnlich und deuten an, dass die Verbindung nur getrennt werden kann, wenn einer der Ringe gebrochen wird (\u201ebis dass der Tod euch scheidet\u201c). Damit steht der Ring f\u00fcr die ewige Verbundenheit der Ehepartner.<\/p>\n<p>Schon im alten \u00c4gypten und Rom trugen verheiratete Frauen am linken Ringfinger einen Ring. Man glaubte eine Ader f\u00fchre von diesem Finger bis zum Herzen, diese Tradition hat sich bis heute erhalten. In Deutschland und einigen wenigen anderen L\u00e4ndern, tr\u00e4gt man den Ehering an der rechten Hand. Es wird vermutet, dass dieser Tausch mit der Bedeutung der Rechten zur Vereinbarung von Schw\u00fcren und Vertr\u00e4gen bei den germanischen V\u00f6lkern zu tun hatte.<br \/> Erst im 13 Jahrhundert wird der Ehering f\u00fcr beide Ehepartner zu einem festen Bestandteil der kirchlichen Trauung.<\/p>\n<p>Abts-, Bischofs- und Kardinalsringe sowie der Fischerring des Papstes, wie auch die Ringe der Nonnen sind Zeichen der Zugeh\u00f6rigkeit zur Kirche und auch Zeichen der Autorit\u00e4t. In dieser Tradition des Gruppensymbols werden auch Ringe mit Familienwappen getragen.<\/p>\n<p>Von Kindheit an begleiten uns Geschichten \u00fcber den Ring nicht nur im Alltag sondern auch in M\u00e4rchen und Sagen. Wegen der vielschichtigen Symbolkraft des Rings, ist er auch heute noch das beliebteste Schmuckst\u00fcck und bietet eine unglaubliche Vielfalt der Erscheinungsformen.<\/p>\n<\/div>\n<\/div><\/div><\/div><\/div><\/div>","protected":false},"excerpt":{"rendered":"<p>Symbol und Schmuckst\u00fcckEine der \u00e4ltesten und am weitesten verbreiteten Schmuckformen ist der Ring. Die \u00e4ltesten gefundenen Exemplare sind \u00fcber 21.000 Jahre alt. Sie wurden aus Elfenbein, Holz oder Stein und sp\u00e4ter aus Bronze, Eisen und Edelmetallen gefertigt.Ringe waren nicht nur eine Zierde, sondern auch einen Wertobjekt, mit dem man handeln konnte.Neben der M\u00f6glichkeit mit einem&#8230;<\/p>\n","protected":false},"author":1,"featured_media":0,"parent":0,"menu_order":0,"comment_status":"closed","ping_status":"closed","template":"","meta":{"footnotes":""},"class_list":["post-241","page","type-page","status-publish","hentry"],"_links":{"self":[{"href":"https:\/\/www.uhren-schmuck-fulda.de\/index.php?rest_route=\/wp\/v2\/pages\/241","targetHints":{"allow":["GET"]}}],"collection":[{"href":"https:\/\/www.uhren-schmuck-fulda.de\/index.php?rest_route=\/wp\/v2\/pages"}],"about":[{"href":"https:\/\/www.uhren-schmuck-fulda.de\/index.php?rest_route=\/wp\/v2\/types\/page"}],"author":[{"embeddable":true,"href":"https:\/\/www.uhren-schmuck-fulda.de\/index.php?rest_route=\/wp\/v2\/users\/1"}],"replies":[{"embeddable":true,"href":"https:\/\/www.uhren-schmuck-fulda.de\/index.php?rest_route=%2Fwp%2Fv2%2Fcomments&post=241"}],"version-history":[{"count":9,"href":"https:\/\/www.uhren-schmuck-fulda.de\/index.php?rest_route=\/wp\/v2\/pages\/241\/revisions"}],"predecessor-version":[{"id":250,"href":"https:\/\/www.uhren-schmuck-fulda.de\/index.php?rest_route=\/wp\/v2\/pages\/241\/revisions\/250"}],"wp:attachment":[{"href":"https:\/\/www.uhren-schmuck-fulda.de\/index.php?rest_route=%2Fwp%2Fv2%2Fmedia&parent=241"}],"curies":[{"name":"wp","href":"https:\/\/api.w.org\/{rel}","templated":true}]}}