{"id":251,"date":"2017-05-25T19:05:09","date_gmt":"2017-05-25T19:05:09","guid":{"rendered":"http:\/\/wordpress.uhren-schmuck-fulda.de\/?page_id=251"},"modified":"2017-05-25T19:05:09","modified_gmt":"2017-05-25T19:05:09","slug":"meisterpunze-und-stempel","status":"publish","type":"page","link":"https:\/\/www.uhren-schmuck-fulda.de\/?page_id=251","title":{"rendered":"Meisterpunze und Stempel"},"content":{"rendered":"<div id=\"pl-251\"  class=\"panel-layout\" ><div id=\"pg-251-0\"  class=\"panel-grid panel-no-style\" ><div id=\"pgc-251-0-0\"  class=\"panel-grid-cell\" ><div id=\"panel-251-0-0-0\" class=\"so-panel widget widget_sow-editor panel-first-child panel-last-child\" data-index=\"0\" ><div\n\t\t\t\n\t\t\tclass=\"so-widget-sow-editor so-widget-sow-editor-base\"\n\t\t\t\n\t\t>\n<div class=\"siteorigin-widget-tinymce textwidget\">\n\t<p><strong>Meisterpunze und Stempel der Goldschmiede<\/strong><\/p>\n<p>Zu den Zeiten der Handwerksz\u00fcnfte in Europa, erhielt ein Goldschmiedemeister mit seiner abgelegten Meisterpr\u00fcfung ein Meisterzeichen. Dies waren meist kleine Symbole, wie z.B. Eichh\u00f6rnchen, V\u00f6gel, Bl\u00e4tter oder Initialen. Dieses Zeichen wurde dann auf einen Stahlstempel graviert, der dann in Edelmetall geschlagen werden konnte. Mit dieser Punze wurden alle angefertigten Schmuckst\u00fccke gestempelt, sozusagen signiert. In einem Register wurden diese Meisterzeichen zusammengefasst und als Verantwortlichkeitsmarken ver\u00f6ffentlicht. Anhand dieser Stempelungen k\u00f6nnen Schmuckst\u00fccke den Werkst\u00e4tten oder Goldschmiedemeistern zugeordnet werden. Diese Tradition der gestempelten \u201eUnterschrift\u201c hat sich bis heute erhalten. Schmuckst\u00fccke, die in einem Goldschmiedeatelier entstehen, werden mit einer Meisterpunze gestempelt.<br \/> Neben der Meisterpunze wird der Edelmetallgehalt des Schmuckst\u00fcckes eingepr\u00e4gt. In Deutschland wird der Feingehalt seit der Reichsgr\u00fcndung 1871 in 1000\/000 angegeben. In anderen L\u00e4ndern kann auch noch die alte Feingehaltsbezeichnung in Karat gestempelt werden. Dies f\u00fchr oft zu sprachlichen Verwirrungen, da das Gewicht eines Edelsteines auch in Karat angegeben wird. Das kann zum Beispiel bedeutet, dass ein Brillant mit einem Gewicht von einem Karat (0,2 Gramm) in einem Ring aus 18 Karat Gold eingefasst sein kann. In Deutschland w\u00fcrde dieses Schmuckst\u00fcck dann nach dem metrischen System mit 750 gestempelt.<\/p>\n<\/div>\n<\/div><\/div><\/div><\/div><\/div>","protected":false},"excerpt":{"rendered":"<p>Meisterpunze und Stempel der GoldschmiedeZu den Zeiten der Handwerksz\u00fcnfte in Europa, erhielt ein Goldschmiedemeister mit seiner abgelegten Meisterpr\u00fcfung ein Meisterzeichen. Dies waren meist kleine Symbole, wie z.B. Eichh\u00f6rnchen, V\u00f6gel, Bl\u00e4tter oder Initialen. Dieses Zeichen wurde dann auf einen Stahlstempel graviert, der dann in Edelmetall geschlagen werden konnte. Mit dieser Punze wurden alle angefertigten Schmuckst\u00fccke gestempelt,&#8230;<\/p>\n","protected":false},"author":1,"featured_media":0,"parent":0,"menu_order":0,"comment_status":"closed","ping_status":"closed","template":"","meta":{"footnotes":""},"class_list":["post-251","page","type-page","status-publish","hentry"],"_links":{"self":[{"href":"https:\/\/www.uhren-schmuck-fulda.de\/index.php?rest_route=\/wp\/v2\/pages\/251","targetHints":{"allow":["GET"]}}],"collection":[{"href":"https:\/\/www.uhren-schmuck-fulda.de\/index.php?rest_route=\/wp\/v2\/pages"}],"about":[{"href":"https:\/\/www.uhren-schmuck-fulda.de\/index.php?rest_route=\/wp\/v2\/types\/page"}],"author":[{"embeddable":true,"href":"https:\/\/www.uhren-schmuck-fulda.de\/index.php?rest_route=\/wp\/v2\/users\/1"}],"replies":[{"embeddable":true,"href":"https:\/\/www.uhren-schmuck-fulda.de\/index.php?rest_route=%2Fwp%2Fv2%2Fcomments&post=251"}],"version-history":[{"count":4,"href":"https:\/\/www.uhren-schmuck-fulda.de\/index.php?rest_route=\/wp\/v2\/pages\/251\/revisions"}],"predecessor-version":[{"id":255,"href":"https:\/\/www.uhren-schmuck-fulda.de\/index.php?rest_route=\/wp\/v2\/pages\/251\/revisions\/255"}],"wp:attachment":[{"href":"https:\/\/www.uhren-schmuck-fulda.de\/index.php?rest_route=%2Fwp%2Fv2%2Fmedia&parent=251"}],"curies":[{"name":"wp","href":"https:\/\/api.w.org\/{rel}","templated":true}]}}