{"id":344,"date":"2017-10-25T19:36:45","date_gmt":"2017-10-25T19:36:45","guid":{"rendered":"http:\/\/wordpress.uhren-schmuck-fulda.de\/?page_id=344"},"modified":"2017-10-25T19:36:45","modified_gmt":"2017-10-25T19:36:45","slug":"was-leistet-eine-mechanische-uhr","status":"publish","type":"page","link":"https:\/\/www.uhren-schmuck-fulda.de\/?page_id=344","title":{"rendered":"Was leistet eine mechanische Uhr"},"content":{"rendered":"<div id=\"pl-344\"  class=\"panel-layout\" ><div id=\"pg-344-0\"  class=\"panel-grid panel-no-style\" ><div id=\"pgc-344-0-0\"  class=\"panel-grid-cell\" ><div id=\"panel-344-0-0-0\" class=\"so-panel widget widget_sow-editor panel-first-child panel-last-child\" data-index=\"0\" ><div\n\t\t\t\n\t\t\tclass=\"so-widget-sow-editor so-widget-sow-editor-base\"\n\t\t\t\n\t\t>\n<div class=\"siteorigin-widget-tinymce textwidget\">\n\t<p><img loading=\"lazy\" decoding=\"async\" class=\"size-medium wp-image-338 alignright\" src=\"https:\/\/www.uhren-schmuck-fulda.de\/wp-content\/uploads\/2017\/10\/NOMOS_Werk_Caliber_Swing_System-300x217.jpg\" alt=\"\" width=\"300\" height=\"217\" srcset=\"https:\/\/www.uhren-schmuck-fulda.de\/wp-content\/uploads\/2017\/10\/NOMOS_Werk_Caliber_Swing_System-300x217.jpg 300w, https:\/\/www.uhren-schmuck-fulda.de\/wp-content\/uploads\/2017\/10\/NOMOS_Werk_Caliber_Swing_System-768x555.jpg 768w, https:\/\/www.uhren-schmuck-fulda.de\/wp-content\/uploads\/2017\/10\/NOMOS_Werk_Caliber_Swing_System-700x505.jpg 700w, https:\/\/www.uhren-schmuck-fulda.de\/wp-content\/uploads\/2017\/10\/NOMOS_Werk_Caliber_Swing_System-800x578.jpg 800w\" sizes=\"auto, (max-width: 300px) 100vw, 300px\" \/><strong>Eine mechanische Uhr<\/strong> ist ein Wunderwerk der Technik, dass ganz Erstaunliches leisten muss, und das ohne Batterie und ohne jede Elektronik. Das Werk arbeitet bei t\u00e4glichem Gebrauch 24 Stunden am Tag und 365 Tage im Jahr pausenlos und ohne Unterbrechung. Dabei wird es in einer Armbanduhr gesto\u00dfen, unterschiedlichen Temperaturen und Lagen ausgesetzt und macht jede Bewegung mit.<br \/> Die Unruh einer modernen Armbanduhr, das Herz einer mechanischen Uhr, schwingt st\u00fcndlich 28800-mal hin und her. W\u00fcrden Sie einen Punkt auf dieses winzige Uhrenbauteil zeichnen und die zur\u00fcckgelegte Winkelstrecke auf das 16 Zoll Rad eines PKW \u00fcbertragen, so k\u00e4men Sie auf eine Durchschnittsgeschwindigkeit von 90 km\/h. Nach 8760 Betriebsstunden, so viele Stunden hat ein Jahr, erg\u00e4be das eine Strecke von 788400 Kilometern pro Jahr. Auf das oben genannte Beispiel bezogen bedeutet das eine zur\u00fcckgelegte Strecke von 3.942.000 Kilometer oder fast 100 Erdumrundungen.<br \/> Die Unruh, deren Lagerzapfen mit einer Dicke von 0,06 mm gerade mal fast so dick ist wie ein menschliches Haar, hat sich dann 1.261.440.000 mal hin und her bewegt. Es gibt wohl kaum einen Automotor, der das \u00fcberhaupt aush\u00e4lt, schon gar nicht ohne Wartung. Wir empfehlen deshalb, an Ihrer mechanischen Armbanduhr nach sp\u00e4testens 5 Jahren durch den Uhrmachermeister \/ die Uhrmachermeisterin Ihres Vertrauens eine Wartung durchf\u00fchren zu lassen. Die Meisterwerkst\u00e4tten der Fachinnung Uhren, Schmuck und Zeitmesstechnik Fulda-Kassel stehen Ihnen gerne zur Verf\u00fcgung.<\/p>\n<p><strong>Was passiert bei einer Wartung<\/strong><\/p>\n<p>Bei einer kompletten Wartung Ihrer Uhr, die fachliche Bezeichnung daf\u00fcr ist Revision, Total\u00fcberholung oder gro\u00dfer Unterhaltsdienst, wir das Uhrwerk zun\u00e4chst in seine Einzelteile zerlegt. Im n\u00e4chsten Schritt werden alle Bauteile auf Verschlei\u00df und Besch\u00e4digung \u00fcberpr\u00fcft, unter der Lupe oder oft auch unter dem Mikroskop. Weist ein Bauteil auch nur den geringsten Fehler auf, wird es ausgetauscht. Vorzugsweise wird bei einer Revision eine neue Antriebsfeder ersetzt. In seltenen F\u00e4llen, vor allem bei \u00e4lteren Uhren, werden auch Teile nachgearbeitet, was m\u00f6glichst zu vermeiden ist und nur dann geschehen sollte, wenn es ohne Qualit\u00e4tsverlust m\u00f6glich ist. Daraufhin werden alle Bauteile in kleine K\u00f6rbchen einsortiert und im Uhren \u2013 Reinigungsautomat aufs gr\u00fcndlichste gereinigt. Nach der Reinigung werden alle Teile erneut gr\u00fcndlich \u00fcberpr\u00fcft, bevor das Werk wieder zusammengebaut wird. W\u00e4hrend der Montage werden Lager und Reibungsstellen geschmiert, wobei bis zu f\u00fcnf verschiedene Schmiermittel zum Einsatz kommen, je nach Schmierstelle. Nun folgt die Gangkontrolle auf der Zeitwaage, die Amplitude wird \u00fcberpr\u00fcft und das Werk wird neu einreguliert. Das Geh\u00e4use wird ebenfalls gereinigt und auf Wunsch wenn m\u00f6glich auch aufgearbeitet. Bei Wasserdichten Uhren werden die Krone und alle Dichtungen ersetzt. Dann werden Zifferblatt und Zeiger auf das Werk gesetzt und dieses ins Geh\u00e4use eingeschalt. Zum Abschluss erfolgt eine Kontrolle, bei wasserdichten Uhren mit Wasserdichttest in einem speziellen Wasserdichtpr\u00fcfger\u00e4t, bevor die Uhr in eine mehrt\u00e4gige Endkontrolle kommt. Je nach Uhrentyp erfordert eine solche Revision mehrere Stunden hochqualifizierter handwerklicher Arbeit und ist im Innungsfachbetrieb in den besten H\u00e4nden.<img loading=\"lazy\" decoding=\"async\" class=\"size-medium wp-image-181 alignleft\" src=\"https:\/\/www.uhren-schmuck-fulda.de\/wp-content\/uploads\/2017\/03\/NOMOS-Epsilon-241x300.jpg\" alt=\"\" width=\"241\" height=\"300\" srcset=\"https:\/\/www.uhren-schmuck-fulda.de\/wp-content\/uploads\/2017\/03\/NOMOS-Epsilon-241x300.jpg 241w, https:\/\/www.uhren-schmuck-fulda.de\/wp-content\/uploads\/2017\/03\/NOMOS-Epsilon-768x957.jpg 768w, https:\/\/www.uhren-schmuck-fulda.de\/wp-content\/uploads\/2017\/03\/NOMOS-Epsilon-700x872.jpg 700w, https:\/\/www.uhren-schmuck-fulda.de\/wp-content\/uploads\/2017\/03\/NOMOS-Epsilon-800x997.jpg 800w, https:\/\/www.uhren-schmuck-fulda.de\/wp-content\/uploads\/2017\/03\/NOMOS-Epsilon.jpg 1052w\" sizes=\"auto, (max-width: 241px) 100vw, 241px\" \/><\/p>\n<p>\u00a0<\/p>\n<p><img loading=\"lazy\" decoding=\"async\" class=\"size-medium wp-image-355 alignright\" src=\"https:\/\/www.uhren-schmuck-fulda.de\/wp-content\/uploads\/2017\/10\/Plakat-Uhrmachertag-2017-180x300.jpg\" alt=\"\" width=\"180\" height=\"300\" srcset=\"https:\/\/www.uhren-schmuck-fulda.de\/wp-content\/uploads\/2017\/10\/Plakat-Uhrmachertag-2017-180x300.jpg 180w, https:\/\/www.uhren-schmuck-fulda.de\/wp-content\/uploads\/2017\/10\/Plakat-Uhrmachertag-2017-768x1279.jpg 768w, https:\/\/www.uhren-schmuck-fulda.de\/wp-content\/uploads\/2017\/10\/Plakat-Uhrmachertag-2017-700x1166.jpg 700w, https:\/\/www.uhren-schmuck-fulda.de\/wp-content\/uploads\/2017\/10\/Plakat-Uhrmachertag-2017-800x1332.jpg 800w, https:\/\/www.uhren-schmuck-fulda.de\/wp-content\/uploads\/2017\/10\/Plakat-Uhrmachertag-2017.jpg 1127w\" sizes=\"auto, (max-width: 180px) 100vw, 180px\" \/><\/p>\n<p>\u00a0<\/p>\n<p>\u00a0<\/p>\n<p>\u00a9MM Uhrmachertag \u2013 Goldschmiedetag 2017<\/p>\n<\/div>\n<\/div><\/div><\/div><\/div><\/div>","protected":false},"excerpt":{"rendered":"<p>Eine mechanische Uhr ist ein Wunderwerk der Technik, dass ganz Erstaunliches leisten muss, und das ohne Batterie und ohne jede Elektronik. Das Werk arbeitet bei t\u00e4glichem Gebrauch 24 Stunden am Tag und 365 Tage im Jahr pausenlos und ohne Unterbrechung. Dabei wird es in einer Armbanduhr gesto\u00dfen, unterschiedlichen Temperaturen und Lagen ausgesetzt und macht jede&#8230;<\/p>\n","protected":false},"author":1,"featured_media":0,"parent":0,"menu_order":0,"comment_status":"closed","ping_status":"closed","template":"","meta":{"footnotes":""},"class_list":["post-344","page","type-page","status-publish","hentry"],"_links":{"self":[{"href":"https:\/\/www.uhren-schmuck-fulda.de\/index.php?rest_route=\/wp\/v2\/pages\/344","targetHints":{"allow":["GET"]}}],"collection":[{"href":"https:\/\/www.uhren-schmuck-fulda.de\/index.php?rest_route=\/wp\/v2\/pages"}],"about":[{"href":"https:\/\/www.uhren-schmuck-fulda.de\/index.php?rest_route=\/wp\/v2\/types\/page"}],"author":[{"embeddable":true,"href":"https:\/\/www.uhren-schmuck-fulda.de\/index.php?rest_route=\/wp\/v2\/users\/1"}],"replies":[{"embeddable":true,"href":"https:\/\/www.uhren-schmuck-fulda.de\/index.php?rest_route=%2Fwp%2Fv2%2Fcomments&post=344"}],"version-history":[{"count":15,"href":"https:\/\/www.uhren-schmuck-fulda.de\/index.php?rest_route=\/wp\/v2\/pages\/344\/revisions"}],"predecessor-version":[{"id":367,"href":"https:\/\/www.uhren-schmuck-fulda.de\/index.php?rest_route=\/wp\/v2\/pages\/344\/revisions\/367"}],"wp:attachment":[{"href":"https:\/\/www.uhren-schmuck-fulda.de\/index.php?rest_route=%2Fwp%2Fv2%2Fmedia&parent=344"}],"curies":[{"name":"wp","href":"https:\/\/api.w.org\/{rel}","templated":true}]}}