{"id":360,"date":"2017-10-25T19:36:18","date_gmt":"2017-10-25T19:36:18","guid":{"rendered":"http:\/\/wordpress.uhren-schmuck-fulda.de\/?page_id=360"},"modified":"2017-10-25T19:36:19","modified_gmt":"2017-10-25T19:36:19","slug":"gold-ist-ein-einsilbiges-wort-aber-ein-vielseitiges-material","status":"publish","type":"page","link":"https:\/\/www.uhren-schmuck-fulda.de\/?page_id=360","title":{"rendered":"Gold ist ein einsilbiges Wort, aber ein vielseitiges Material"},"content":{"rendered":"<div id=\"pl-360\"  class=\"panel-layout\" ><div id=\"pg-360-0\"  class=\"panel-grid panel-no-style\" ><div id=\"pgc-360-0-0\"  class=\"panel-grid-cell\" ><div id=\"panel-360-0-0-0\" class=\"so-panel widget widget_sow-editor panel-first-child panel-last-child\" data-index=\"0\" ><div\n\t\t\t\n\t\t\tclass=\"so-widget-sow-editor so-widget-sow-editor-base\"\n\t\t\t\n\t\t>\n<div class=\"siteorigin-widget-tinymce textwidget\">\n\t<p>Zuerst gleich ein paar Superlative: Gold ist das einzige gelbe Metall. Reines Gold ist absolut best\u00e4ndig gegen den Sauerstoff der Luft und wird von ungemischten Minerals\u00e4uren nicht angegriffen. Gold hat eine hervorragend gute Verformbarkeit. Man kann daraus eine hauchd\u00fcnne Folie von 1\/10000 mm Dicke herstellen \u2013 das Blattgold. Bei einem Gewicht von 1 Gramm Gold kommt dabei eine Grundfl\u00e4che von ca. 0,5 qm heraus. Ebenso kann man aus einem Gramm Gold einen Draht von ca. 3 km L\u00e4nge herstellen, der dann einen Durchmesser<img loading=\"lazy\" decoding=\"async\" class=\"size-medium wp-image-337 alignleft\" src=\"https:\/\/www.uhren-schmuck-fulda.de\/wp-content\/uploads\/2017\/10\/DSC04570_b-300x195.jpg\" alt=\"\" width=\"300\" height=\"195\" srcset=\"https:\/\/www.uhren-schmuck-fulda.de\/wp-content\/uploads\/2017\/10\/DSC04570_b-300x195.jpg 300w, https:\/\/www.uhren-schmuck-fulda.de\/wp-content\/uploads\/2017\/10\/DSC04570_b-768x498.jpg 768w, https:\/\/www.uhren-schmuck-fulda.de\/wp-content\/uploads\/2017\/10\/DSC04570_b-700x454.jpg 700w, https:\/\/www.uhren-schmuck-fulda.de\/wp-content\/uploads\/2017\/10\/DSC04570_b-800x519.jpg 800w\" sizes=\"auto, (max-width: 300px) 100vw, 300px\" \/> von nur 0,00469 mm hat.<\/p>\n<p>Doch diese gute Verformbarkeit hat auch zur Folge, dass Feingold f\u00fcr die Schmuckherstellung oft zu weich ist, weswegen es mit anderen Metallen legiert wird. In der Hauptsache sind das Silber und Kupfer. Diese \u00e4ndern nicht nur die Festigkeit und H\u00e4rte, sondern auch die Farbe der Legierung. Das Material ist dann zwar immer noch gelb (Gelbgold), hat aber nicht mehr den ganz intensiven Farbton wie das Feingold. Wird nun bei der Legierung der Kupferanteil erh\u00f6ht (Kupfer ist rot), bekommt man ein Ros\u00e9- oder sogar Rotgold. Um eine wei\u00dfe Goldlegierung zu bekommen, wird dem Feingold zus\u00e4tzlich zum Silber noch Palladium beigegeben. Es entsteht das eher grau schimmernde Wei\u00dfgold.<\/p>\n<p>Diese Vielfalt an Goldlegierungen und -farben schaffen ein schier unendliches Feld an Gestaltungs- und Herstellungsm\u00f6glichkeiten f\u00fcr Schmuck. Welche Legierung am besten f\u00fcr welches Einsatzgebiet verwendet wird. Welche Goldfarbe am besten zu welchem Typ passt. Welche Edelsteine am besten dazu kombiniert werden. All diese Fragen werden im Beratungsgespr\u00e4ch beim Goldschmied beachtet und beantwortet. Die Goldschmiedemeisterinnen und \u2013meister der Innung Fulda-Kassel stehen Ihnen mit ihrer vielj\u00e4hrigen Erfahrung gerne beratend zur Seite.<\/p>\n<p><img loading=\"lazy\" decoding=\"async\" class=\"alignnone wp-image-363 size-medium\" src=\"https:\/\/www.uhren-schmuck-fulda.de\/wp-content\/uploads\/2017\/10\/RIMG4650-300x225.jpg\" alt=\"\" width=\"300\" height=\"225\" srcset=\"https:\/\/www.uhren-schmuck-fulda.de\/wp-content\/uploads\/2017\/10\/RIMG4650-300x225.jpg 300w, https:\/\/www.uhren-schmuck-fulda.de\/wp-content\/uploads\/2017\/10\/RIMG4650-768x576.jpg 768w, https:\/\/www.uhren-schmuck-fulda.de\/wp-content\/uploads\/2017\/10\/RIMG4650-700x525.jpg 700w, https:\/\/www.uhren-schmuck-fulda.de\/wp-content\/uploads\/2017\/10\/RIMG4650-800x600.jpg 800w, https:\/\/www.uhren-schmuck-fulda.de\/wp-content\/uploads\/2017\/10\/RIMG4650-80x60.jpg 80w\" sizes=\"auto, (max-width: 300px) 100vw, 300px\" \/><\/p>\n<p>\u00a9PH Uhrmachertag \u2013 Goldschmiedetag 2017<\/p>\n<\/div>\n<\/div><\/div><\/div><\/div><\/div>","protected":false},"excerpt":{"rendered":"<p>Zuerst gleich ein paar Superlative: Gold ist das einzige gelbe Metall. Reines Gold ist absolut best\u00e4ndig gegen den Sauerstoff der Luft und wird von ungemischten Minerals\u00e4uren nicht angegriffen. Gold hat eine hervorragend gute Verformbarkeit. Man kann daraus eine hauchd\u00fcnne Folie von 1\/10000 mm Dicke herstellen \u2013 das Blattgold. Bei einem Gewicht von 1 Gramm Gold&#8230;<\/p>\n","protected":false},"author":1,"featured_media":0,"parent":0,"menu_order":0,"comment_status":"closed","ping_status":"closed","template":"","meta":{"footnotes":""},"class_list":["post-360","page","type-page","status-publish","hentry"],"_links":{"self":[{"href":"https:\/\/www.uhren-schmuck-fulda.de\/index.php?rest_route=\/wp\/v2\/pages\/360","targetHints":{"allow":["GET"]}}],"collection":[{"href":"https:\/\/www.uhren-schmuck-fulda.de\/index.php?rest_route=\/wp\/v2\/pages"}],"about":[{"href":"https:\/\/www.uhren-schmuck-fulda.de\/index.php?rest_route=\/wp\/v2\/types\/page"}],"author":[{"embeddable":true,"href":"https:\/\/www.uhren-schmuck-fulda.de\/index.php?rest_route=\/wp\/v2\/users\/1"}],"replies":[{"embeddable":true,"href":"https:\/\/www.uhren-schmuck-fulda.de\/index.php?rest_route=%2Fwp%2Fv2%2Fcomments&post=360"}],"version-history":[{"count":5,"href":"https:\/\/www.uhren-schmuck-fulda.de\/index.php?rest_route=\/wp\/v2\/pages\/360\/revisions"}],"predecessor-version":[{"id":366,"href":"https:\/\/www.uhren-schmuck-fulda.de\/index.php?rest_route=\/wp\/v2\/pages\/360\/revisions\/366"}],"wp:attachment":[{"href":"https:\/\/www.uhren-schmuck-fulda.de\/index.php?rest_route=%2Fwp%2Fv2%2Fmedia&parent=360"}],"curies":[{"name":"wp","href":"https:\/\/api.w.org\/{rel}","templated":true}]}}