{"id":59,"date":"2017-03-07T19:50:08","date_gmt":"2017-03-07T19:50:08","guid":{"rendered":"http:\/\/wordpress.uhren-schmuck-fulda.de\/?page_id=59"},"modified":"2017-05-18T06:32:42","modified_gmt":"2017-05-18T06:32:42","slug":"goldschmiedehandwerk","status":"publish","type":"page","link":"https:\/\/www.uhren-schmuck-fulda.de\/?page_id=59","title":{"rendered":"Goldschmied"},"content":{"rendered":"<div id=\"pl-59\"  class=\"panel-layout\" ><div id=\"pg-59-0\"  class=\"panel-grid panel-no-style\" ><div id=\"pgc-59-0-0\"  class=\"panel-grid-cell\" ><div id=\"panel-59-0-0-0\" class=\"so-panel widget widget_sow-editor panel-first-child panel-last-child\" data-index=\"0\" ><div\n\t\t\t\n\t\t\tclass=\"so-widget-sow-editor so-widget-sow-editor-base\"\n\t\t\t\n\t\t>\n<div class=\"siteorigin-widget-tinymce textwidget\">\n\t<p><strong>Goldschmied ein Beruf f\u00fcr Menschen mit Liebe zum Detail<\/strong><br \/> Individualit\u00e4t ist das Grundprinzip der Goldschmiede. Oft werden Flie\u00dfbandarbeit und Massenproduktion als erlesene Kostbarkeiten verkauft und sind doch in Wirklichkeit so weit davon entfernt. Schmuck ist schon seit jeher ein Spiegelbild der Seele seiner Tr\u00e4gerin und bedarf nicht zuletzt deswegen einer individuellen Arbeit. Der Goldschmied ist seit vielen Jahrhunderten der Experte f\u00fcr Juwelen. Das Zusammenspiel von handwerklichem Geschick und k\u00fcnstlerischen F\u00e4higkeiten zeichnen seine Arbeit aus. Das Atelier eines Goldschmiedes ist sein Wirkungskreis. Dort verleiht er seinen Entw\u00fcrfen, die zuvor nur auf dem Papier existieren, Leben. Er verarbeitet edelste Steine, Brillanten, Perlen und feinste Materialien zu lebendigen Sch\u00f6nheiten. Goldschmied ist ein Beruf mit Vergangenheit und Zukunft, der die Jahrhunderte \u00fcberdauert.<\/p>\n<p><strong>Der Betreuer<\/strong><br \/> F\u00fcr Juwelen vom GOLDSCHMIED erhalten Sie eine praktisch lebenslange Betreuungsgarantie. Denn f\u00fcr ihn ist jedes St\u00fcck aus seiner Hand wie ein St\u00fcck von sich selbst. Die Identifikation mit seiner Leistung ist zugleich die beste Garantie, die er bieten kann! Aber nat\u00fcrlich ist jeder GOLDSCHMIED auch gern bereit, fremde St\u00fccke wieder in Form zu bringen.<\/p>\n<p><strong>Der Bearbeiter<\/strong><br \/> Behandlung von Oberfl\u00e4chen, insbesondere Gravieren, Wei\u00dfsieden, Ziselieren, \u00c4tzen, Emaillieren, Tauschieren, Sulfidieren, Patinieren, Sandieren, Mattieren, Satinieren, Granulieren, Schwei\u00dfen und Polieren.<\/p>\n<p><strong>Individualit\u00e4t ist das Grundprinzip der Goldschmiede<\/strong><br \/> Oft werden Flie\u00dfbandarbeit und Massenproduktionen als erlesene Kostbarkeiten verkauft und sind doch in Wirklichkeit so weit davon entfernt. Denn: es ist nicht alles Gold was gl\u00e4nzt. Schmuck ist schon seit jeher ein Spiegelbild der Seele seiner Tr\u00e4ger(in) und bedarf nicht zuletzt deswegen einer individuellen Arbeit. Der GOLDSCHMIED ist seit vielen Jahrhunderten der Experte f\u00fcr Juwelen. Das Zusammenspiel von handwerklichem Geschick und k\u00fcnstlerischen F\u00e4higkeiten zeichnet seine Arbeiten aus. Das Atelier eines Goldschmiedes ist sein Wirkungskreis. Dort gibt er seinen Entw\u00fcrfen, die zuvor nur auf dem Papier existieren, \"Leben\". Er verarbeitet edelste Steine, Brillanten, Perlen und feinste Materialien zu lebendiger Sch\u00f6nheit. Ein speziell f\u00fcr einen Menschen entworfenes Schmuckst\u00fcck macht seine Tr\u00e4gerin zu einer K\u00f6nigin und verleiht ihr unverwechselbare Ausstrahlung. GOLDSCHMIED ist ein Beruf mit Vergangenheit und Zukunft, der die Jahrhunderte \u00fcberdauert.<\/p>\n<p><strong>Der K\u00fcnstler und Designer<\/strong><br \/> Kenntnisse der Stilkunde, der Formen- und Gestaltungslehre sowie der fachbezogenen Kunstgeschichte sind Basis f\u00fcr seine eigenen Entw\u00fcrfe. Er hat die erforderliche Fantasie und das handwerkliche K\u00f6nnen zur:<\/p>\n<p>- Anfertigung von Unikatschmuck<br \/> - Umarbeitung von vorhandenem Schmuck<br \/> - Erg\u00e4nzung und Vervollst\u00e4ndigung von bestehenden Garnituren<br \/> - individuelles Eingehen auf die Tr\u00e4ger(in)<br \/> - Auswahl von Metallen, Edelsteinen und Perlen<br \/> - Kreative Formenfindungen<\/p>\n<p><strong>Der Kunsthandwerker<\/strong><br \/> Einfassung und Verarbeitung von Juwelen und edlen Steinen, von Perlen, Natur- und Kunststoffen zu kostbaren Unikaten oder Kleinserien. Au\u00dferdem: Das Bearbeiten von Werkstoffen, insbesondere Schmieden, Walzen, Ziehen, Verg\u00fcten, Biegen, Richten und Treiben sowie Feilen, Schaben, Schmirgeln, Schleifen, Polieren, S\u00e4gen, Fr\u00e4sen.<\/p>\n<p><strong>Der Experte<\/strong><br \/> Nur der GOLDSCHMIED verarbeitet die edlen Materialien. Wer kennt Edelmetalle, edle Steine und Juwelen besser als der Fachmann in bezug auf Echtheit, Wert, Bearbeitbarkeit, Tragbarkeit und Empfindlichkeit? Welcher Stein pa\u00dft zu Ihnen? Welche Metalle und Legierung ist empfehlenswert? Er pr\u00fcft und bestimmt Steine, Perlen und Metalle.<\/p>\n<p>Vertrauen Sie seiner soliden Ausbildung. Wer kennt die F\u00fclle der unterschiedlichen Materialien besser als der GOLDSCHMIED, der t\u00e4glich damit umgeht.<\/p>\n<\/div>\n<\/div><\/div><\/div><\/div><\/div>","protected":false},"excerpt":{"rendered":"<p>Goldschmied ein Beruf f\u00fcr Menschen mit Liebe zum Detail Individualit\u00e4t ist das Grundprinzip der Goldschmiede. Oft werden Flie\u00dfbandarbeit und Massenproduktion als erlesene Kostbarkeiten verkauft und sind doch in Wirklichkeit so weit davon entfernt. Schmuck ist schon seit jeher ein Spiegelbild der Seele seiner Tr\u00e4gerin und bedarf nicht zuletzt deswegen einer individuellen Arbeit. Der Goldschmied ist&#8230;<\/p>\n","protected":false},"author":1,"featured_media":0,"parent":0,"menu_order":0,"comment_status":"closed","ping_status":"closed","template":"","meta":{"footnotes":""},"class_list":["post-59","page","type-page","status-publish","hentry"],"_links":{"self":[{"href":"https:\/\/www.uhren-schmuck-fulda.de\/index.php?rest_route=\/wp\/v2\/pages\/59","targetHints":{"allow":["GET"]}}],"collection":[{"href":"https:\/\/www.uhren-schmuck-fulda.de\/index.php?rest_route=\/wp\/v2\/pages"}],"about":[{"href":"https:\/\/www.uhren-schmuck-fulda.de\/index.php?rest_route=\/wp\/v2\/types\/page"}],"author":[{"embeddable":true,"href":"https:\/\/www.uhren-schmuck-fulda.de\/index.php?rest_route=\/wp\/v2\/users\/1"}],"replies":[{"embeddable":true,"href":"https:\/\/www.uhren-schmuck-fulda.de\/index.php?rest_route=%2Fwp%2Fv2%2Fcomments&post=59"}],"version-history":[{"count":6,"href":"https:\/\/www.uhren-schmuck-fulda.de\/index.php?rest_route=\/wp\/v2\/pages\/59\/revisions"}],"predecessor-version":[{"id":201,"href":"https:\/\/www.uhren-schmuck-fulda.de\/index.php?rest_route=\/wp\/v2\/pages\/59\/revisions\/201"}],"wp:attachment":[{"href":"https:\/\/www.uhren-schmuck-fulda.de\/index.php?rest_route=%2Fwp%2Fv2%2Fmedia&parent=59"}],"curies":[{"name":"wp","href":"https:\/\/api.w.org\/{rel}","templated":true}]}}