{"id":64,"date":"2017-03-07T19:38:56","date_gmt":"2017-03-07T19:38:56","guid":{"rendered":"http:\/\/wordpress.uhren-schmuck-fulda.de\/?page_id=64"},"modified":"2024-11-17T13:23:30","modified_gmt":"2024-11-17T13:23:30","slug":"impressum","status":"publish","type":"page","link":"https:\/\/www.uhren-schmuck-fulda.de\/?page_id=64","title":{"rendered":"Impressum"},"content":{"rendered":"<div id=\"pl-64\"  class=\"panel-layout\" ><div id=\"pg-64-0\"  class=\"panel-grid panel-no-style\" ><div id=\"pgc-64-0-0\"  class=\"panel-grid-cell\" ><div id=\"panel-64-0-0-0\" class=\"so-panel widget widget_sow-editor panel-first-child panel-last-child\" data-index=\"0\" ><div\n\t\t\t\n\t\t\tclass=\"so-widget-sow-editor so-widget-sow-editor-base\"\n\t\t\t\n\t\t>\n<div class=\"siteorigin-widget-tinymce textwidget\">\n\t<p>Gesch\u00e4ftsstelle:<\/p>\n<p>Kreishandwerkerschaft Fulda<br \/>\nFachinnung Uhren, Schmuck und Zeitmesstechnik Fulda - Kassel<br \/>\nRabanusstra\u00dfe 33<br \/>\nD 36037 Fulda<\/p>\n<p>Tel. 0661 90224 0<br \/>\nFax. 0661 9022420<br \/>\nfulda-Kassel(at)uhren-schmuck-hessen.de<br \/>\nwww.uhren-schmuck-fulda-kassel.de<\/p>\n<p>Obermeisterin: Pia Hartmann<br \/>\nstv. Obermeister: Antonio M\u00fcller<br \/>\nstv. Obermeister: Ulf Stracke<\/p>\n<p>Copyright: \u00a9 1993-2024 by Markus M\u00fcller. Alle Rechte vorbehalten.<\/p>\n<p>Verantwortlich gem. \u00a76 TDG: Markus M\u00fcller<\/p>\n<p>Rechtshinweis zu allen Links:\u00a0Wir erkl\u00e4ren ausdr\u00fccklich, dass wir keinerlei Einfluss auf die Gestaltung und die Inhalte der verlinkten Seiten haben. Deshalb distanzieren wir uns hiermit ausdr\u00fccklich von allen Inhalten aller verlinkter Seiten unserer Homepage und machen uns diese Inhalte nicht zu Eigen. Diese Erkl\u00e4rung gilt f\u00fcr alle auf unserer Homepage angezeigten Links und f\u00fcr alle Inhalte der Seiten, zu denen die bei uns angemeldeten Banner und Links f\u00fchren.<\/p>\n<\/div>\n<\/div><\/div><\/div><\/div><\/div>","protected":false},"excerpt":{"rendered":"<p>Gesch\u00e4ftsstelle: Kreishandwerkerschaft Fulda Fachinnung Uhren, Schmuck und Zeitmesstechnik Fulda &#8211; Kassel Rabanusstra\u00dfe 33 D 36037 Fulda Tel. 0661 90224 0 Fax. 0661 9022420 fulda-Kassel(at)uhren-schmuck-hessen.de www.uhren-schmuck-fulda-kassel.de Obermeisterin: Pia Hartmann stv. Obermeister: Antonio M\u00fcller stv. Obermeister: Ulf Stracke Copyright: \u00a9 1993-2024 by Markus M\u00fcller. Alle Rechte vorbehalten. Verantwortlich gem. \u00a76 TDG: Markus M\u00fcller Rechtshinweis zu allen Links:\u00a0Wir&#8230;<\/p>\n","protected":false},"author":1,"featured_media":0,"parent":0,"menu_order":0,"comment_status":"closed","ping_status":"closed","template":"","meta":{"footnotes":""},"class_list":["post-64","page","type-page","status-publish","hentry"],"_links":{"self":[{"href":"https:\/\/www.uhren-schmuck-fulda.de\/index.php?rest_route=\/wp\/v2\/pages\/64","targetHints":{"allow":["GET"]}}],"collection":[{"href":"https:\/\/www.uhren-schmuck-fulda.de\/index.php?rest_route=\/wp\/v2\/pages"}],"about":[{"href":"https:\/\/www.uhren-schmuck-fulda.de\/index.php?rest_route=\/wp\/v2\/types\/page"}],"author":[{"embeddable":true,"href":"https:\/\/www.uhren-schmuck-fulda.de\/index.php?rest_route=\/wp\/v2\/users\/1"}],"replies":[{"embeddable":true,"href":"https:\/\/www.uhren-schmuck-fulda.de\/index.php?rest_route=%2Fwp%2Fv2%2Fcomments&post=64"}],"version-history":[{"count":11,"href":"https:\/\/www.uhren-schmuck-fulda.de\/index.php?rest_route=\/wp\/v2\/pages\/64\/revisions"}],"predecessor-version":[{"id":426,"href":"https:\/\/www.uhren-schmuck-fulda.de\/index.php?rest_route=\/wp\/v2\/pages\/64\/revisions\/426"}],"wp:attachment":[{"href":"https:\/\/www.uhren-schmuck-fulda.de\/index.php?rest_route=%2Fwp%2Fv2%2Fmedia&parent=64"}],"curies":[{"name":"wp","href":"https:\/\/api.w.org\/{rel}","templated":true}]}}