{"id":94,"date":"2017-03-08T20:22:02","date_gmt":"2017-03-08T20:22:02","guid":{"rendered":"http:\/\/wordpress.uhren-schmuck-fulda.de\/?page_id=94"},"modified":"2017-03-08T20:22:02","modified_gmt":"2017-03-08T20:22:02","slug":"perlenpflege","status":"publish","type":"page","link":"https:\/\/www.uhren-schmuck-fulda.de\/?page_id=94","title":{"rendered":"Perlenpflege"},"content":{"rendered":"<div id=\"pl-94\"  class=\"panel-layout\" ><div id=\"pg-94-0\"  class=\"panel-grid panel-no-style\" ><div id=\"pgc-94-0-0\"  class=\"panel-grid-cell\" ><div id=\"panel-94-0-0-0\" class=\"so-panel widget widget_sow-editor panel-first-child panel-last-child\" data-index=\"0\" ><div\n\t\t\t\n\t\t\tclass=\"so-widget-sow-editor so-widget-sow-editor-base\"\n\t\t\t\n\t\t>\n<div class=\"siteorigin-widget-tinymce textwidget\">\n\t<p><strong>Pflegetipps f\u00fcr Perlen und Perlschmuck<\/strong><\/p>\n<p>Bewahren sie Ihre Perlen in einem weichen Stofft\u00e4schchen oder in einem samtbezogenen Etui auf, auf keinen Fall mit Gold- oder Brillantschmuck, damit die Zuchtperlen nicht von harten, scharfen Schmuckst\u00fccken zerkratzt werden. Legen sie Ihren Perlschmuck erst nach dem Schminken und Frisieren an, da Parf\u00fcm, Kosmetika und Haarspray etc. den L\u00fcster Ihrer Perlen besch\u00e4digen k\u00f6nnen. Zum Sport, beim Friseur oder beim Sonnenbaden sollten Sie Ihre Zuchtperlen unbedingt ablegen. Hitze, unreines Wasser, Kosmetikartikel und Sand schaden Ihren Zuchtperlen und dem Seidenfaden, auf dem die Perlen aufgezogen sind.<\/p>\n<p>Reiben Sie Ihre Zuchtperlen nach dem Tragen mit einem weichen Tuch trocken ab. Dies wird Verunreinigungen von den Perlen entfernen. Geben Sie Ihr Collier oder Armband regelm\u00e4\u00dfig zu Ihrem Juwelier, um es neu aufziehen und knoten zu lassen. H\u00e4ufiges Tragen wird die Erscheinung Ihrer Zuchtperlen verbessern, denn der Hautkontakt verhindert das Austrocknen, erh\u00e4lt den L\u00fcster und damit den Glanz Ihrer Zuchtperlen.<\/p>\n<\/div>\n<\/div><\/div><\/div><\/div><\/div>","protected":false},"excerpt":{"rendered":"<p>Pflegetipps f\u00fcr Perlen und PerlschmuckBewahren sie Ihre Perlen in einem weichen Stofft\u00e4schchen oder in einem samtbezogenen Etui auf, auf keinen Fall mit Gold- oder Brillantschmuck, damit die Zuchtperlen nicht von harten, scharfen Schmuckst\u00fccken zerkratzt werden. Legen sie Ihren Perlschmuck erst nach dem Schminken und Frisieren an, da Parf\u00fcm, Kosmetika und Haarspray etc. den L\u00fcster Ihrer&#8230;<\/p>\n","protected":false},"author":1,"featured_media":0,"parent":0,"menu_order":0,"comment_status":"closed","ping_status":"closed","template":"","meta":{"footnotes":""},"class_list":["post-94","page","type-page","status-publish","hentry"],"_links":{"self":[{"href":"https:\/\/www.uhren-schmuck-fulda.de\/index.php?rest_route=\/wp\/v2\/pages\/94","targetHints":{"allow":["GET"]}}],"collection":[{"href":"https:\/\/www.uhren-schmuck-fulda.de\/index.php?rest_route=\/wp\/v2\/pages"}],"about":[{"href":"https:\/\/www.uhren-schmuck-fulda.de\/index.php?rest_route=\/wp\/v2\/types\/page"}],"author":[{"embeddable":true,"href":"https:\/\/www.uhren-schmuck-fulda.de\/index.php?rest_route=\/wp\/v2\/users\/1"}],"replies":[{"embeddable":true,"href":"https:\/\/www.uhren-schmuck-fulda.de\/index.php?rest_route=%2Fwp%2Fv2%2Fcomments&post=94"}],"version-history":[{"count":2,"href":"https:\/\/www.uhren-schmuck-fulda.de\/index.php?rest_route=\/wp\/v2\/pages\/94\/revisions"}],"predecessor-version":[{"id":273,"href":"https:\/\/www.uhren-schmuck-fulda.de\/index.php?rest_route=\/wp\/v2\/pages\/94\/revisions\/273"}],"wp:attachment":[{"href":"https:\/\/www.uhren-schmuck-fulda.de\/index.php?rest_route=%2Fwp%2Fv2%2Fmedia&parent=94"}],"curies":[{"name":"wp","href":"https:\/\/api.w.org\/{rel}","templated":true}]}}